{"id":280,"date":"2024-03-13T11:32:32","date_gmt":"2024-03-13T14:32:32","guid":{"rendered":"https:\/\/sobremimblogjosi.com.br\/?page_id=280"},"modified":"2024-03-15T11:09:37","modified_gmt":"2024-03-15T14:09:37","slug":"politicas-de-privacidade","status":"publish","type":"page","link":"https:\/\/sobremimblogjosi.com.br\/index.php\/politicas-de-privacidade\/","title":{"rendered":"Pol\u00edticas de Privacidade"},"content":{"rendered":"\t\t<div data-elementor-type=\"wp-page\" data-elementor-id=\"280\" class=\"elementor elementor-280\">\n\t\t\t\t<div class=\"elementor-element elementor-element-2e2e44b e-con-full e-flex e-con e-parent\" data-id=\"2e2e44b\" data-element_type=\"container\" data-settings=\"{&quot;background_background&quot;:&quot;classic&quot;}\">\n\t\t\t\t<div class=\"elementor-element elementor-element-3aa2021 elementor-widget elementor-widget-heading\" data-id=\"3aa2021\" data-element_type=\"widget\" data-widget_type=\"heading.default\">\n\t\t\t\t<div class=\"elementor-widget-container\">\n\t\t\t\t\t<h2 class=\"elementor-heading-title elementor-size-default\">Pol\u00edticas de Privacidade<\/h2>\t\t\t\t<\/div>\n\t\t\t\t<\/div>\n\t\t\t\t<div class=\"elementor-element elementor-element-2347af2 elementor-widget elementor-widget-text-editor\" data-id=\"2347af2\" data-element_type=\"widget\" data-widget_type=\"text-editor.default\">\n\t\t\t\t<div class=\"elementor-widget-container\">\n\t\t\t\t\t\t\t\t\t<h2><strong>Introdu\u00e7\u00e3o<\/strong><\/h2><p>Esta Pol\u00edtica de Privacidade descreve como coletamos, usamos e compartilhamos informa\u00e7\u00f5es pessoais quando voc\u00ea utiliza nosso site ou interage conosco. Respeitamos sua privacidade e estamos comprometidos em proteger suas informa\u00e7\u00f5es pessoais. Para garantir a conformidade com as regulamenta\u00e7\u00f5es de privacidade, incluindo a Lei Geral de Prote\u00e7\u00e3o de Dados (LGPD), elaboramos esta pol\u00edtica detalhada para fornecer transpar\u00eancia sobre nossas pr\u00e1ticas de privacidade.<\/p><h3><strong>1. Informa\u00e7\u00f5es que Coletamos<\/strong><\/h3><p><strong>Coment\u00e1rios:<\/strong> Quando voc\u00ea deixa um coment\u00e1rio em nosso site, coletamos os dados inseridos no formul\u00e1rio de coment\u00e1rios, al\u00e9m do endere\u00e7o de IP e dos dados do navegador, para ajudar na detec\u00e7\u00e3o de spam.<\/p><p><strong>Gravatar:<\/strong> Uma sequ\u00eancia anonimizada de caracteres (hash) criada a partir do seu endere\u00e7o de e-mail pode ser enviada para o servi\u00e7o Gravatar para verificar se voc\u00ea o utiliza. A pol\u00edtica de privacidade do Gravatar pode ser encontrada em: <a href=\"https:\/\/automattic.com\/privacy\/\" target=\"_new\">https:\/\/automattic.com\/privacy\/<\/a>. Ap\u00f3s a aprova\u00e7\u00e3o do seu coment\u00e1rio, a foto do seu perfil ser\u00e1 vis\u00edvel publicamente ao lado do seu coment\u00e1rio.<\/p><p><strong>M\u00eddia:<\/strong> Se voc\u00ea enviar imagens para o site, recomendamos evitar o envio de imagens com dados de localiza\u00e7\u00e3o incorporados (EXIF GPS), pois os visitantes podem baixar e extrair quaisquer dados de localiza\u00e7\u00e3o dessas imagens.<\/p><p><strong>Cookies:<\/strong> Ao deixar um coment\u00e1rio em nosso site, voc\u00ea pode optar por salvar seu nome, endere\u00e7o de e-mail e site nos cookies. Isso \u00e9 feito para sua conveni\u00eancia, para que n\u00e3o precise preencher esses detalhes novamente ao fazer outros coment\u00e1rios. Esses cookies duram um ano.<\/p><p>Se voc\u00ea possui uma conta e faz login neste site, um cookie tempor\u00e1rio ser\u00e1 configurado para determinar se seu navegador aceita cookies. Este cookie n\u00e3o cont\u00e9m dados pessoais e \u00e9 descartado quando voc\u00ea fecha o navegador.<\/p><p>Quando voc\u00ea faz login, tamb\u00e9m configuramos v\u00e1rios cookies para salvar suas informa\u00e7\u00f5es de login e suas op\u00e7\u00f5es de exibi\u00e7\u00e3o na tela. Cookies de login s\u00e3o mantidos por dois dias e cookies de op\u00e7\u00f5es de tela por um ano. Se voc\u00ea selecionar &#8220;Lembrar-me&#8221;, seu login persistir\u00e1 por duas semanas. Ao sair da sua conta, os cookies de login ser\u00e3o removidos.<\/p><p>Ao editar ou publicar um artigo, um cookie adicional ser\u00e1 salvo no seu navegador. Este cookie n\u00e3o cont\u00e9m dados pessoais e indica apenas o ID do artigo que voc\u00ea acabou de editar. Expira ap\u00f3s 1 dia.<\/p><p><strong>M\u00eddia Incorporada de Outros Sites:<\/strong> Artigos neste site podem incluir conte\u00fado incorporado (por exemplo, v\u00eddeos, imagens, artigos, etc.). O conte\u00fado incorporado de outros sites se comporta da mesma maneira que se o visitante estivesse visitando esses sites.<\/p><p>Esses sites podem coletar dados sobre voc\u00ea, usar cookies, incorporar rastreamento de terceiros adicional e monitorar sua intera\u00e7\u00e3o com esse conte\u00fado incorporado, incluindo sua intera\u00e7\u00e3o com o conte\u00fado se voc\u00ea tiver uma conta e estiver conectado a esses sites.<\/p><h3><strong>2. Compartilhamento de Dados<\/strong><\/h3><p>Se voc\u00ea solicitar uma redefini\u00e7\u00e3o de senha, seu endere\u00e7o IP ser\u00e1 inclu\u00eddo no e-mail de redefini\u00e7\u00e3o de senha.<\/p><h3><strong>3. Reten\u00e7\u00e3o de Dados<\/strong><\/h3><p>Se voc\u00ea deixar um coment\u00e1rio, o coment\u00e1rio e seus metadados ser\u00e3o retidos indefinidamente. Isso \u00e9 para que possamos reconhecer e aprovar automaticamente qualquer coment\u00e1rio de acompanhamento, em vez de mant\u00ea-lo em uma fila de modera\u00e7\u00e3o.<\/p><p>Para usu\u00e1rios registrados em nosso site (se houver), tamb\u00e9m armazenamos as informa\u00e7\u00f5es pessoais que fornecem em seus perfis de usu\u00e1rio. Todos os usu\u00e1rios podem ver, editar ou excluir suas informa\u00e7\u00f5es pessoais a qualquer momento, exceto o nome de usu\u00e1rio, que n\u00e3o pode ser alterado. Os administradores do site tamb\u00e9m podem ver e editar essas informa\u00e7\u00f5es.<\/p><h3><strong>4. Seus Direitos<\/strong><\/h3><p>Se voc\u00ea possui uma conta neste site ou deixou coment\u00e1rios, pode solicitar um arquivo exportado dos dados pessoais que temos sobre voc\u00ea, incluindo quaisquer dados que nos tenha fornecido. Voc\u00ea tamb\u00e9m pode solicitar que removamos qualquer informa\u00e7\u00e3o pessoal que tenhamos sobre voc\u00ea. Isso n\u00e3o inclui quaisquer dados que somos obrigados a manter para fins administrativos, legais ou de seguran\u00e7a.<\/p><h3><strong>5. Envio de Dados<\/strong><\/h3><p>Os coment\u00e1rios dos visitantes podem ser verificados atrav\u00e9s de um servi\u00e7o automatizado de detec\u00e7\u00e3o de spam.<\/p><h4><strong>Contato<\/strong><\/h4><p>Para d\u00favidas ou solicita\u00e7\u00f5es relacionadas a esta Pol\u00edtica de Privacidade, entre em contato conosco atrav\u00e9s do e-mail [insira seu e-mail de contato].<\/p><p>Esta Pol\u00edtica de Privacidade foi atualizada pela \u00faltima vez em 15\/03\/2024.<\/p>\t\t\t\t\t\t\t\t<\/div>\n\t\t\t\t<\/div>\n\t\t\t\t<\/div>\n\t\t\t\t<\/div>\n\t\t","protected":false},"excerpt":{"rendered":"<p>Pol\u00edticas de Privacidade Introdu\u00e7\u00e3o Esta Pol\u00edtica de Privacidade descreve como coletamos, usamos e compartilhamos informa\u00e7\u00f5es pessoais quando voc\u00ea utiliza nosso site ou interage conosco. Respeitamos sua privacidade e estamos comprometidos em proteger suas informa\u00e7\u00f5es pessoais. Para garantir a conformidade com as regulamenta\u00e7\u00f5es de privacidade, incluindo a Lei Geral de Prote\u00e7\u00e3o de Dados (LGPD), elaboramos esta [&hellip;]<\/p>\n","protected":false},"author":1,"featured_media":0,"parent":0,"menu_order":0,"comment_status":"closed","ping_status":"closed","template":"elementor_header_footer","meta":{"footnotes":""},"class_list":["post-280","page","type-page","status-publish","hentry"],"_links":{"self":[{"href":"https:\/\/sobremimblogjosi.com.br\/index.php\/wp-json\/wp\/v2\/pages\/280","targetHints":{"allow":["GET"]}}],"collection":[{"href":"https:\/\/sobremimblogjosi.com.br\/index.php\/wp-json\/wp\/v2\/pages"}],"about":[{"href":"https:\/\/sobremimblogjosi.com.br\/index.php\/wp-json\/wp\/v2\/types\/page"}],"author":[{"embeddable":true,"href":"https:\/\/sobremimblogjosi.com.br\/index.php\/wp-json\/wp\/v2\/users\/1"}],"replies":[{"embeddable":true,"href":"https:\/\/sobremimblogjosi.com.br\/index.php\/wp-json\/wp\/v2\/comments?post=280"}],"version-history":[{"count":10,"href":"https:\/\/sobremimblogjosi.com.br\/index.php\/wp-json\/wp\/v2\/pages\/280\/revisions"}],"predecessor-version":[{"id":296,"href":"https:\/\/sobremimblogjosi.com.br\/index.php\/wp-json\/wp\/v2\/pages\/280\/revisions\/296"}],"wp:attachment":[{"href":"https:\/\/sobremimblogjosi.com.br\/index.php\/wp-json\/wp\/v2\/media?parent=280"}],"curies":[{"name":"wp","href":"https:\/\/api.w.org\/{rel}","templated":true}]}}